{"id":12,"date":"2021-11-16T09:37:19","date_gmt":"2021-11-16T08:37:19","guid":{"rendered":"http:\/\/aleho.at.host24.profi-server.at\/?page_id=12"},"modified":"2025-07-02T14:34:56","modified_gmt":"2025-07-02T12:34:56","slug":"contact-and-conditions","status":"publish","type":"page","link":"https:\/\/aleho.at\/en\/contact-and-conditions\/","title":{"rendered":"Contact and Conditions"},"content":{"rendered":"<div class=\"fusion-fullwidth fullwidth-box fusion-builder-row-1 fusion-flex-container nonhundred-percent-fullwidth non-hundred-percent-height-scrolling\" style=\"background-color: rgba(255,255,255,0);background-position: center center;background-repeat: no-repeat;border-width: 0px 0px 0px 0px;border-color:#e2e2e2;border-style:solid;\" ><div class=\"fusion-builder-row fusion-row fusion-flex-align-items-flex-start\" style=\"max-width:1248px;margin-left: calc(-4% \/ 2 );margin-right: calc(-4% \/ 2 );\"><div class=\"fusion-layout-column fusion_builder_column fusion-builder-column-0 fusion_builder_column_1_2 1_2 fusion-flex-column\"><div class=\"fusion-column-wrapper fusion-flex-justify-content-flex-start fusion-content-layout-column\" style=\"background-position:left top;background-repeat:no-repeat;-webkit-background-size:cover;-moz-background-size:cover;-o-background-size:cover;background-size:cover;padding: 0px 0px 0px 0px;\"><div class=\"fusion-text fusion-text-1\"><h3>Contact<\/h3>\n<p><strong>eMail:<\/strong> hofer@aleho.at<br \/>\n<strong>phone:<\/strong> <a href=\"tel:+436601242411\">+43 660 1242411<\/a><br \/>\nBeethovengasse 8, 1st floor, door nr. 12, 1090 Vienna<\/p>\n<h3>How to get there<\/h3>\n<p><strong>By public transport:<\/strong> tramways 43 and 44 to Landesgerichtsstra\u00dfe, alternatively with tramways 37, 38, 40, 41, and 42 to Schwarzspanierstra\u00dfe; you can also take tram line 5 to Lange Gasse or Lazarettgasse and take a 7-minute walk through the university campus &#8222;Altes AKH&#8220;<br \/>\n<strong>By car:<\/strong> via Landesgerichtsstra\u00dfe and Garnisongasse or W\u00e4hringer Stra\u00dfe (limited parking spaces, fee-based)<\/p>\n<h3>Confidentiality<\/h3>\n<p>According to Section 45 of the Psychotherapy Act (PThG 2024), psychotherapists are obligated to maintain confidentiality regarding all information entrusted to them or disclosed to them in the course of their professional practice or in the course of providing psychotherapeutic services. Details can be found <em><strong><a href=\"https:\/\/www.ris.bka.gv.at\/GeltendeFassung.wxe?Abfrage=Bundesnormen&amp;Gesetzesnummer=20012578\">here<\/a><\/strong><\/em>.<\/p>\n<h3>Costs<\/h3>\n<p>Billing is carried out using a fee note which you will receive at the end of each month. Cash payment is also possible, if you prefer that.<\/p>\n<p><strong>Therapy<\/strong><\/p>\n<p><strong>Single persons:<\/strong> 120 Euros per session (50 minutes)<br \/>\n<strong>Couples and groups (e.g. polyamorous relationships, families):<\/strong> 170 Euros (50 minutes) and 250 Euros (90 minutes)<\/p>\n<p>Reduced rates (\u201csocial tariff\u201d): Currently all places with reduced rates are taken<\/p>\n<p>Unfortunately, I cannot offer therapy fully funded by health insurance. However, health insurance companies will reimburse a certain amount per hour upon request. You can find details on the amount of the refunds <em><strong><a href=\"https:\/\/www.psychotherapie.at\/patientinnen\/ueber-psychotherapie\/kosten-einer-psychotherapie\">here<\/a><\/strong><\/em>.<\/p>\n<p><strong>Supervision<\/strong><\/p>\n<p><strong>Single persons:<\/strong> 125 Euros per session (50 minutes)<br \/>\n<strong>Teams and institutions:<\/strong> upon request, depends on the setting and number of participants<\/p>\n<h3>Frequency<\/h3>\n<p>We will determine the frequency of our sessions together and adjusted to your individual needs. Usually, I recommend to start with weekly session and adjust the interval after a couple of sessions, if necessary.<\/p>\n<h3>Cancellation Policy<\/h3>\n<p>If you cancel your appointment timely in advance, I generally do not charge for it. However, I reserve the right to charge for appointments if there are frequent last-minute cancellations. Appointments that have not been canceled will be charged in full.<\/p>\n<h5 class=\"fusion-responsive-typography-calculated\" style=\"font-size: 22px; line-height: 1; --fontsize: 22;\" data-fontsize=\"22\">Webdesign<\/h5>\n<p><a href=\"https:\/\/www.bluepepper.at\" target=\"_blank\" rel=\"noopener noreferrer\">www.bluepepper.at<\/a><\/p>\n<\/div><\/div><style type=\"text\/css\">.fusion-body .fusion-builder-column-0{width:50% !important;margin-top : 0px;margin-bottom : 20px;}.fusion-builder-column-0 > .fusion-column-wrapper {padding-top : 0px !important;padding-right : 0px !important;margin-right : 3.84%;padding-bottom : 0px !important;padding-left : 0px !important;margin-left : 3.84%;}@media only screen and (max-width:1024px) {.fusion-body .fusion-builder-column-0{width:50% !important;order : 0;}.fusion-builder-column-0 > .fusion-column-wrapper {margin-right : 3.84%;margin-left : 3.84%;}}@media only screen and (max-width:640px) {.fusion-body .fusion-builder-column-0{width:100% !important;order : 0;}.fusion-builder-column-0 > .fusion-column-wrapper {margin-right : 1.92%;margin-left : 1.92%;}}<\/style><\/div><div class=\"fusion-layout-column fusion_builder_column fusion-builder-column-1 fusion_builder_column_1_2 1_2 fusion-flex-column\"><div class=\"fusion-column-wrapper fusion-flex-justify-content-flex-start fusion-content-layout-column\" style=\"background-position:left top;background-repeat:no-repeat;-webkit-background-size:cover;-moz-background-size:cover;-o-background-size:cover;background-size:cover;padding: 0px 0px 0px 0px;\"><div style=\"text-align:center;\"><span class=\" fusion-imageframe imageframe-none imageframe-1 hover-type-none\" style=\"border-radius:10px;max-width:450px;\"><img decoding=\"async\" width=\"1245\" height=\"1245\" title=\"praxis-rund\" src=\"https:\/\/aleho.at\/wp-content\/uploads\/2021\/11\/praxis-rund.jpg\" alt class=\"img-responsive wp-image-88\" srcset=\"https:\/\/aleho.at\/en\/wp-content\/uploads\/2021\/11\/praxis-rund-200x200.jpg 200w, https:\/\/aleho.at\/en\/wp-content\/uploads\/2021\/11\/praxis-rund-400x400.jpg 400w, https:\/\/aleho.at\/en\/wp-content\/uploads\/2021\/11\/praxis-rund-600x600.jpg 600w, https:\/\/aleho.at\/en\/wp-content\/uploads\/2021\/11\/praxis-rund-800x800.jpg 800w, https:\/\/aleho.at\/en\/wp-content\/uploads\/2021\/11\/praxis-rund-1200x1200.jpg 1200w, https:\/\/aleho.at\/en\/wp-content\/uploads\/2021\/11\/praxis-rund.jpg 1245w\" sizes=\"(max-width: 640px) 100vw, 600px\" \/><\/span><\/div><div class=\"fusion-separator fusion-full-width-sep\" style=\"align-self: center;margin-left: auto;margin-right: auto;margin-top:20px;margin-bottom:20px;width:100%;\"><\/div><iframe width=\"100%\" height=\"350\" frameborder=\"0\" scrolling=\"no\" marginheight=\"0\" marginwidth=\"0\" src=\"https:\/\/www.openstreetmap.org\/export\/embed.html?bbox=16.354541480541233%2C48.21706517350608%2C16.358326077461246%2C48.21898993425163&layer=mapnik\" style=\"border: 1px solid black\"><\/iframe><br\/><small><a href=\"https:\/\/www.openstreetmap.org\/#map=19\/48.21803\/16.35643\">Gr\u00f6\u00dfere Karte anzeigen<\/a><\/small><\/div><style type=\"text\/css\">.fusion-body .fusion-builder-column-1{width:50% !important;margin-top : 40px;margin-bottom : 20px;}.fusion-builder-column-1 > .fusion-column-wrapper {padding-top : 0px !important;padding-right : 0px !important;margin-right : 3.84%;padding-bottom : 0px !important;padding-left : 0px !important;margin-left : 3.84%;}@media only screen and (max-width:1024px) {.fusion-body .fusion-builder-column-1{width:50% !important;order : 0;}.fusion-builder-column-1 > .fusion-column-wrapper {margin-right : 3.84%;margin-left : 3.84%;}}@media only screen and (max-width:640px) {.fusion-body .fusion-builder-column-1{width:100% !important;order : 0;}.fusion-builder-column-1 > .fusion-column-wrapper {margin-right : 1.92%;margin-left : 1.92%;}}<\/style><\/div><\/div><style type=\"text\/css\">.fusion-body .fusion-flex-container.fusion-builder-row-1{ padding-top : 0px;margin-top : 40px;padding-right : 0px;padding-bottom : 0px;margin-bottom : 0px;padding-left : 0px;}<\/style><\/div>\n","protected":false},"excerpt":{"rendered":"","protected":false},"author":1,"featured_media":0,"parent":0,"menu_order":0,"comment_status":"closed","ping_status":"closed","template":"","meta":{"footnotes":""},"class_list":["post-12","page","type-page","status-publish","hentry"],"_links":{"self":[{"href":"https:\/\/aleho.at\/en\/wp-json\/wp\/v2\/pages\/12","targetHints":{"allow":["GET"]}}],"collection":[{"href":"https:\/\/aleho.at\/en\/wp-json\/wp\/v2\/pages"}],"about":[{"href":"https:\/\/aleho.at\/en\/wp-json\/wp\/v2\/types\/page"}],"author":[{"embeddable":true,"href":"https:\/\/aleho.at\/en\/wp-json\/wp\/v2\/users\/1"}],"replies":[{"embeddable":true,"href":"https:\/\/aleho.at\/en\/wp-json\/wp\/v2\/comments?post=12"}],"version-history":[{"count":24,"href":"https:\/\/aleho.at\/en\/wp-json\/wp\/v2\/pages\/12\/revisions"}],"predecessor-version":[{"id":186,"href":"https:\/\/aleho.at\/en\/wp-json\/wp\/v2\/pages\/12\/revisions\/186"}],"wp:attachment":[{"href":"https:\/\/aleho.at\/en\/wp-json\/wp\/v2\/media?parent=12"}],"curies":[{"name":"wp","href":"https:\/\/api.w.org\/{rel}","templated":true}]}}